{"id":1084,"date":"2024-09-08T14:56:04","date_gmt":"2024-09-08T14:56:04","guid":{"rendered":"https:\/\/pragamo.ch\/?page_id=1084"},"modified":"2024-09-08T14:57:52","modified_gmt":"2024-09-08T14:57:52","slug":"impressum","status":"publish","type":"page","link":"https:\/\/pragamo.ch\/index.php\/impressum\/","title":{"rendered":"Impressum"},"content":{"rendered":"\t\t<div data-elementor-type=\"wp-page\" data-elementor-id=\"1084\" class=\"elementor elementor-1084\" data-elementor-post-type=\"page\">\n\t\t\t\t<div class=\"elementor-element elementor-element-be6cb32 e-flex e-con-boxed e-con e-parent\" data-id=\"be6cb32\" data-element_type=\"container\" data-e-type=\"container\">\n\t\t\t\t\t<div class=\"e-con-inner\">\n\t\t\t\t<div class=\"elementor-element elementor-element-25e589e elementor-widget elementor-widget-text-editor\" data-id=\"25e589e\" data-element_type=\"widget\" data-e-type=\"widget\" data-widget_type=\"text-editor.default\">\n\t\t\t\t<div class=\"elementor-widget-container\">\n\t\t\t\t\t\t\t\t\t<p>\u00a0<\/p><p><strong>Firmenname:<\/strong><br \/>Pragamo.ch<\/p><p><strong>Rechtsform:<\/strong><br \/>Einzelunternehmen<\/p><p><strong>Gesch\u00e4ftsf\u00fchrer\/Verantwortlicher:<\/strong><br \/>Timo Knoblauch<\/p><p><strong>Adresse:<\/strong><br \/>8000 Z\u00fcrich Switzerland<\/p><p><strong>Telefonnummer:<\/strong><br \/>+41 76 450 44 04<\/p><p><strong>E-Mail-Adresse:<\/strong><br \/>info@pragamo.ch<\/p><p>\u00a0<\/p><p><strong>Handelsregister:<\/strong><br \/>pragamo.ch<\/p><p><strong>Haftungsausschluss:<\/strong><br \/>Die Inhalte unserer Webseiten wurden mit gr\u00f6\u00dfter Sorgfalt erstellt. Dennoch \u00fcbernehmen wir keine Gew\u00e4hr f\u00fcr die Richtigkeit, Vollst\u00e4ndigkeit und Aktualit\u00e4t der bereitgestellten Informationen.<\/p><p><strong>Haftung f\u00fcr Links:<\/strong><br \/>Unsere Webseite enth\u00e4lt Links zu externen Webseiten Dritter. Auf den Inhalt und die Gestaltung dieser Seiten haben wir keinen Einfluss. Daher \u00fcbernehmen wir keine Haftung f\u00fcr den Inhalt der verlinkten Seiten.<\/p><p><strong>Urheberrecht:<\/strong><br \/>Die durch uns erstellten Inhalte und Werke auf dieser Webseite unterliegen dem schweizerischen Urheberrecht. Die Vervielf\u00e4ltigung, Bearbeitung, Verbreitung und jede Art der Verwertung au\u00dferhalb der Grenzen des Urheberrechts bed\u00fcrfen unserer schriftlichen Zustimmung.<\/p><p><strong>Datenschutz:<\/strong><br \/>Informationen zum Datenschutz finden Sie in unserer Datenschutzerkl\u00e4rung.<\/p><p><strong>Kontakt:<\/strong><br \/>F\u00fcr weitere Informationen oder Anfragen k\u00f6nnen Sie uns \u00fcber die oben angegebenen Kontaktdaten erreichen.<\/p>\t\t\t\t\t\t\t\t<\/div>\n\t\t\t\t<\/div>\n\t\t\t\t\t<\/div>\n\t\t\t\t<\/div>\n\t\t\t\t<\/div>\n\t\t","protected":false},"excerpt":{"rendered":"<p>\u00a0 Firmenname:Pragamo.ch Rechtsform:Einzelunternehmen Gesch\u00e4ftsf\u00fchrer\/Verantwortlicher:Timo Knoblauch Adresse:8000 Z\u00fcrich Switzerland Telefonnummer:+41 76 450 44 04 E-Mail-Adresse:info@pragamo.ch \u00a0 Handelsregister:pragamo.ch Haftungsausschluss:Die Inhalte unserer Webseiten wurden mit gr\u00f6\u00dfter Sorgfalt erstellt. Dennoch \u00fcbernehmen wir keine Gew\u00e4hr f\u00fcr die Richtigkeit, Vollst\u00e4ndigkeit und Aktualit\u00e4t der bereitgestellten Informationen. Haftung f\u00fcr Links:Unsere Webseite enth\u00e4lt Links zu externen Webseiten Dritter. Auf den Inhalt und die Gestaltung [&hellip;]<\/p>\n","protected":false},"author":1,"featured_media":0,"parent":0,"menu_order":0,"comment_status":"closed","ping_status":"closed","template":"","meta":{"footnotes":""},"class_list":["post-1084","page","type-page","status-publish","hentry"],"_links":{"self":[{"href":"https:\/\/pragamo.ch\/index.php\/wp-json\/wp\/v2\/pages\/1084","targetHints":{"allow":["GET"]}}],"collection":[{"href":"https:\/\/pragamo.ch\/index.php\/wp-json\/wp\/v2\/pages"}],"about":[{"href":"https:\/\/pragamo.ch\/index.php\/wp-json\/wp\/v2\/types\/page"}],"author":[{"embeddable":true,"href":"https:\/\/pragamo.ch\/index.php\/wp-json\/wp\/v2\/users\/1"}],"replies":[{"embeddable":true,"href":"https:\/\/pragamo.ch\/index.php\/wp-json\/wp\/v2\/comments?post=1084"}],"version-history":[{"count":4,"href":"https:\/\/pragamo.ch\/index.php\/wp-json\/wp\/v2\/pages\/1084\/revisions"}],"predecessor-version":[{"id":1097,"href":"https:\/\/pragamo.ch\/index.php\/wp-json\/wp\/v2\/pages\/1084\/revisions\/1097"}],"wp:attachment":[{"href":"https:\/\/pragamo.ch\/index.php\/wp-json\/wp\/v2\/media?parent=1084"}],"curies":[{"name":"wp","href":"https:\/\/api.w.org\/{rel}","templated":true}]}}